{"id":213,"date":"2021-05-12T04:59:14","date_gmt":"2021-05-12T04:59:14","guid":{"rendered":"http:\/\/localhost\/~yomena\/ela_22\/new_22\/index.php\/home\/"},"modified":"2024-08-11T16:33:44","modified_gmt":"2024-08-11T14:33:44","slug":"home","status":"publish","type":"page","link":"https:\/\/ela-meyer.de\/","title":{"rendered":"Furchen und Dellen"},"content":{"rendered":"\n<div class=\"wp-block-cover alignfull has-parallax\" style=\"min-height:100vh;aspect-ratio:unset;\"><span aria-hidden=\"true\" class=\"wp-block-cover__background has-background-dim-90 has-background-dim\" style=\"background-color:#515355\"><\/span><div role=\"img\" aria-label=\"Ela Meyer\" class=\"wp-block-cover__image-background wp-image-6 has-parallax\" style=\"background-position:50% 50%;background-image:url(https:\/\/ela-meyer.de\/wp-content\/uploads\/2022\/03\/ela.png)\"><\/div><div class=\"wp-block-cover__inner-container is-layout-flow wp-block-cover-is-layout-flow\">\n<div class=\"inherit-container-width wp-block-group is-layout-constrained wp-block-group-is-layout-constrained\"><div class=\"wp-block-group__inner-container\">\n<div class=\"wp-block-columns are-vertically-aligned-top is-layout-flex wp-container-core-columns-is-layout-28f84493 wp-block-columns-is-layout-flex\">\n<div class=\"wp-block-column is-vertically-aligned-top is-layout-flow wp-block-column-is-layout-flow\" style=\"flex-basis:66.66%\">\n<div style=\"height:59px\" aria-hidden=\"true\" class=\"wp-block-spacer\"><\/div>\n\n\n\n<h1 class=\"wp-block-heading has-text-align-center\">Furchen und Dellen<\/h1>\n\n\n\n<p class=\"has-text-align-center\">Ein Gro\u00dfvater, ein Kind und eine steinalte H\u00fcndin: Ela Meyer erz\u00e4hlt in Furchen und Dellen die Geschichte von alten Freund*innen, von einer R\u00fcckkehr und vom Aufw\u00fchlen tiefsitzender Emotionen einf\u00fchlsam, authentisch und mit genau der richtigen Prise Humor. Dabei nennt die Autorin die Dinge beim Namen und widmet sich wichtigen Themen wie gesellschaftliche Erwartungen an Frauen, Kinderwunsch und gewollte Kinderlosigkeit, unterschiedliche Familienmodelle und Feminismus. So befreiend kann das Ende eines Lebensabschnitts sein!<\/p>\n\n\n\n<div class=\"wp-block-buttons is-layout-flex wp-block-buttons-is-layout-flex\">\n<div class=\"wp-block-button is-style-fill aligncenter\"><a class=\"wp-block-button__link wp-element-button\" href=\"https:\/\/www.jumboverlag.de\/furchen-und-dellen\/index.php?cNG=540d887c-f20c-11ea-948b-001c42406321&amp;productId=3614\" target=\"_blank\" rel=\"noreferrer noopener\">Buch Kaufen<\/a><\/div>\n<\/div>\n<\/div>\n\n\n\n<div class=\"wp-block-column is-vertically-aligned-top is-layout-flow wp-block-column-is-layout-flow\" style=\"flex-basis:33.33%\">\n<figure class=\"wp-block-image size-large\"><img loading=\"lazy\" decoding=\"async\" width=\"690\" height=\"1024\" src=\"https:\/\/ela-meyer.de\/wp-content\/uploads\/2024\/08\/Furchen_und_Dellen_Rotate-690x1024.png\" alt=\"Furchen und Dellen\" class=\"wp-image-714\" srcset=\"https:\/\/ela-meyer.de\/wp-content\/uploads\/2024\/08\/Furchen_und_Dellen_Rotate-690x1024.png 690w, https:\/\/ela-meyer.de\/wp-content\/uploads\/2024\/08\/Furchen_und_Dellen_Rotate-202x300.png 202w, https:\/\/ela-meyer.de\/wp-content\/uploads\/2024\/08\/Furchen_und_Dellen_Rotate-768x1139.png 768w, https:\/\/ela-meyer.de\/wp-content\/uploads\/2024\/08\/Furchen_und_Dellen_Rotate-1035x1536.png 1035w, https:\/\/ela-meyer.de\/wp-content\/uploads\/2024\/08\/Furchen_und_Dellen_Rotate-1381x2048.png 1381w, https:\/\/ela-meyer.de\/wp-content\/uploads\/2024\/08\/Furchen_und_Dellen_Rotate.png 1446w\" sizes=\"auto, (max-width: 690px) 100vw, 690px\" \/><\/figure>\n<\/div>\n<\/div>\n<\/div><\/div>\n<\/div><\/div>\n\n\n\n<div class=\"inherit-container-width wp-block-group alignfull has-background is-layout-constrained wp-block-group-is-layout-constrained\" style=\"background-color:#f5904c\"><div class=\"wp-block-group__inner-container\">\n<p class=\"has-text-align-center has-ast-global-color-5-color has-text-color\" style=\"font-size:24px\">\u00bb<strong><em>Ela Meyer klimpert ein wenig auf der Tastatur und erzeugt damit schon in wenigen S\u00e4tzen eine Klangfarbe, die einen warm umf\u00e4ngt und tief in die Geschichte hineinzieht. In &#8222;Furchen und Dellen&#8220; beschreibt sie Lebensentw\u00fcrfe, die von g\u00e4ngigen Familienmodellen abweichen, die einem jedoch so schnell vertraut und verst\u00e4ndlich werden, dass es auf dieses Buch nur eine Antwort gibt: ja.<\/em><\/strong>\u00ab<\/p>\n\n\n\n<p class=\"has-text-align-center has-ast-global-color-5-color has-text-color\" style=\"font-size:14px\">Cornelia Achenbach, Autorin<\/p>\n<\/div><\/div>\n\n\n\n<div class=\"inherit-container-width wp-block-group is-layout-constrained wp-block-group-is-layout-constrained\"><div class=\"wp-block-group__inner-container\">\n<div class=\"wp-block-columns is-layout-flex wp-container-core-columns-is-layout-28f84493 wp-block-columns-is-layout-flex\">\n<div class=\"wp-block-column is-layout-flow wp-block-column-is-layout-flow\" style=\"flex-basis:33.33%\">\n<figure class=\"wp-block-image size-large\"><img loading=\"lazy\" decoding=\"async\" width=\"791\" height=\"1024\" src=\"https:\/\/ela-meyer.de\/wp-content\/uploads\/2024\/08\/Stapel_Furchen_und_Dellen-791x1024.png\" alt=\"Furchen und Dellen\" class=\"wp-image-716\" srcset=\"https:\/\/ela-meyer.de\/wp-content\/uploads\/2024\/08\/Stapel_Furchen_und_Dellen-791x1024.png 791w, https:\/\/ela-meyer.de\/wp-content\/uploads\/2024\/08\/Stapel_Furchen_und_Dellen-232x300.png 232w, https:\/\/ela-meyer.de\/wp-content\/uploads\/2024\/08\/Stapel_Furchen_und_Dellen-768x994.png 768w, https:\/\/ela-meyer.de\/wp-content\/uploads\/2024\/08\/Stapel_Furchen_und_Dellen-1187x1536.png 1187w, https:\/\/ela-meyer.de\/wp-content\/uploads\/2024\/08\/Stapel_Furchen_und_Dellen-1583x2048.png 1583w, https:\/\/ela-meyer.de\/wp-content\/uploads\/2024\/08\/Stapel_Furchen_und_Dellen.png 1960w\" sizes=\"auto, (max-width: 791px) 100vw, 791px\" \/><\/figure>\n<\/div>\n\n\n\n<div class=\"wp-block-column is-vertically-aligned-top is-layout-flow wp-block-column-is-layout-flow\" style=\"flex-basis:66.66%\">\n<p>Weil man vor nichts ewig davonlaufen kann: Der Tod ihres exzentrischen Gro\u00dfvaters bringt Chris&#8216; Leben ordentlich durcheinander. Um Abschied zu nehmen, kehrt sie in die Kleinstadt zur\u00fcck, in der sie aufgewachsen ist, aus der sie jedoch vor \u00fcber sechs Jahren Hals \u00fcber Kopf geflohen ist.<\/p>\n\n\n\n<p>Sie schlittert wieder in das Leben von damals, mit Doro, Rafa und Antonia, die vor sieben Jahren entschieden haben, als Wahlfamilie gemeinsam ein Kind gro\u00dfzuziehen. Zusammen mit Chris, eigentlich. St\u00fcck f\u00fcr St\u00fcck realisiert sie, wieso sie damals vor der Verantwortung weggelaufen ist und was das alles mit ihrem Gro\u00dfvater zu tun hatte. Ihr wird bewusst, was f\u00fcr einen Einfluss ihr Gro\u00dfvater auf sie gehabt hat, der Mann, der sich sofort auf jeden vermeintlichen Fehler gest\u00fcrzt hat. Es waren seine Augen, die immer \u00fcber sie gewacht haben und ihren Blick gelenkt haben.<\/p>\n\n\n\n<p>Ein Gro\u00dfvater, ein Kind und eine steinalte H\u00fcndin: Ela Meyer erz\u00e4hlt in Furchen und Dellen die Geschichte von alten Freund*innen, von einer R\u00fcckkehr und vom Aufw\u00fchlen tiefsitzender Emotionen einf\u00fchlsam, authentisch und mit genau der richtigen Prise Humor. Dabei nennt die Autorin die Dinge beim Namen und widmet sich wichtigen Themen wie gesellschaftliche Erwartungen an Frauen, Kinderwunsch und gewollte Kinderlosigkeit, unterschiedliche Familienmodelle und Feminismus. So befreiend kann das Ende eines Lebensabschnitts sein!<\/p>\n\n\n\n<p>Das gleichnamige <a href=\"https:\/\/www.jumboverlag.de\/furchen-und-dellen\/index.php?cNG=540d887c-f20c-11ea-948b-001c42406321&amp;productId=3616\">H\u00f6rbuch<\/a>, gesprochen von Marion Elskis, erscheint als digital only bei GOYALiT.<\/p>\n\n\n\n<p class=\"has-small-font-size\"><strong>Erschienen in <a href=\"https:\/\/www.jumboverlag.de\/programm\/goya\/index.php?cNG=1a463317-aca2-11eb-b763-001c42406321\" target=\"_blank\" rel=\"noreferrer noopener\">Goya Verlag<\/a> <\/strong><br><strong>Ma\u00dfe:<\/strong> 138 x 215 mm <br><strong>Seitenzahl:<\/strong> 224 Seiten <br><strong>Ausstattung:<\/strong> Klappenbroschur <br><strong>ISBN: <\/strong>978-3-8337-4813-4<br><strong>Preis: <\/strong>20,00 \u20ac<br><a href=\"https:\/\/www.jumboverlag.de\/furchen-und-dellen\/data\/download\/do496.pdf\" target=\"_blank\" rel=\"noreferrer noopener\">Leseprobe<\/a><\/p>\n\n\n\n<div class=\"wp-block-buttons is-layout-flex wp-block-buttons-is-layout-flex\">\n<div class=\"wp-block-button is-style-outline aligncenter is-style-outline--1\"><a class=\"wp-block-button__link wp-element-button\" href=\"https:\/\/www.jumboverlag.de\/furchen-und-dellen\/index.php?cNG=540d887c-f20c-11ea-948b-001c42406321&amp;productId=3614\" target=\"_blank\" rel=\"noreferrer noopener\">Buch Kaufen<\/a><\/div>\n<\/div>\n\n\n\n<div style=\"height:24px\" aria-hidden=\"true\" class=\"wp-block-spacer\"><\/div>\n\n\n\n<p class=\"has-text-align-center\">Auch als <a href=\"https:\/\/www.jumboverlag.de\/furchen-und-dellen\/index.php?cNG=540d887c-f20c-11ea-948b-001c42406321&amp;productId=3614\">eBook<\/a> und <a href=\"https:\/\/www.jumboverlag.de\/furchen-und-dellen\/index.php?cNG=540d887c-f20c-11ea-948b-001c42406321&amp;productId=3616\">H\u00f6rbuch<\/a> erh\u00e4ltlich<\/p>\n<\/div>\n<\/div>\n<\/div><\/div>\n\n\n\n<div class=\"inherit-container-width wp-block-group alignfull has-background is-layout-constrained wp-block-group-is-layout-constrained\" style=\"background-color:#f5904c\"><div class=\"wp-block-group__inner-container\">\n<div class=\"inherit-container-width wp-block-group has-ast-global-color-4-color has-text-color has-background has-link-color wp-elements-1b21a93c25d2732fd3914f4e12ec3766 is-layout-constrained wp-block-group-is-layout-constrained\" style=\"background-color:#f5904c\"><div class=\"wp-block-group__inner-container\">\n<div class=\"wp-block-columns is-layout-flex wp-container-core-columns-is-layout-28f84493 wp-block-columns-is-layout-flex\">\n<div class=\"wp-block-column has-ast-global-color-5-color has-text-color is-layout-flow wp-block-column-is-layout-flow\">\n<blockquote class=\"wp-block-quote is-style-large has-ast-global-color-4-color has-text-color has-link-color wp-elements-279a19b98b5391b6ad28215bcdeb4850 is-layout-flow wp-block-quote-is-layout-flow\">\n<p class=\"has-ast-global-color-4-color has-text-color has-link-color wp-elements-4f4bb5faa9996c21b2be77f146f1a8d8\">&#8222;Wie f\u00fchlt es sich an, als Frau \u00e4lter zu werden in einer Welt, die wenig Raum l\u00e4sst f\u00fcr unkonventionelle Lebensentw\u00fcrfe? Ela Meyer erz\u00e4hlt davon! Und sie tut das so z\u00e4rtlich, zugewandt und ehrlich, dass ich Furchen und Dellen gar nicht mehr weglegen konnte.&#8220;<\/p>\n<cite>Elisabeth R. Hager, Autorin<\/cite><\/blockquote>\n<\/div>\n\n\n\n<div class=\"wp-block-column is-layout-flow wp-block-column-is-layout-flow\">\n<blockquote class=\"wp-block-quote is-style-large has-ast-global-color-4-color has-text-color has-link-color wp-elements-5b4a11d19b6d006fd442663b965f1b2b is-layout-flow wp-block-quote-is-layout-flow\">\n<p class=\"has-ast-global-color-4-color has-text-color has-link-color wp-elements-b78db3d25a469dadf0e839432fa287e2\">&#8222;Ela Meyer ermutigt uns gemeinsam mit den &#8211; im Laufe der Jahrzehnte erworbenen &#8211; Dellen und Furchen in und auf uns, einen Neuanfang zu wagen. Auf gehts!&#8220;<\/p>\n<cite>Sarah Lorenz, Autorin<\/cite><\/blockquote>\n<\/div>\n\n\n\n<div class=\"wp-block-column is-layout-flow wp-block-column-is-layout-flow\">\n<blockquote class=\"wp-block-quote is-style-large has-ast-global-color-4-color has-text-color has-link-color wp-elements-a54c611e28e91c59252fdbbed33b30b6 is-layout-flow wp-block-quote-is-layout-flow\">\n<p class=\"has-ast-global-color-4-color has-text-color has-link-color wp-elements-ff00f6d58fb58598a7012070c3c870b8\">&#8222;Ela Meyer erz\u00e4hlt in leichter, federnder Sprache davon, dass es nie zu sp\u00e4t ist, sich von den Traumata der Kindheit zu befreien und zeigt gleichzeitig, dass Familie nichts mit Abstammung zu tun haben muss, sondern jene Menschen umfassen sollte, die wir in unseren Herzen dazu machen.&#8220;<\/p>\n<cite>Hannes K\u00f6hler, Autor<\/cite><\/blockquote>\n\n\n\n<p><\/p>\n<\/div>\n<\/div>\n<\/div><\/div>\n<\/div><\/div>\n","protected":false},"excerpt":{"rendered":"<p>\u00bbEla Meyer klimpert ein wenig auf der Tastatur und erzeugt damit schon in wenigen S\u00e4tzen eine Klangfarbe, die einen warm [&hellip;]<\/p>\n","protected":false},"author":1,"featured_media":0,"parent":0,"menu_order":0,"comment_status":"closed","ping_status":"closed","template":"","meta":{"site-sidebar-layout":"no-sidebar","site-content-layout":"plain-container","ast-site-content-layout":"normal-width-container","site-content-style":"unboxed","site-sidebar-style":"unboxed","ast-global-header-display":"","ast-banner-title-visibility":"","ast-main-header-display":"","ast-hfb-above-header-display":"","ast-hfb-below-header-display":"","ast-hfb-mobile-header-display":"","site-post-title":"disabled","ast-breadcrumbs-content":"","ast-featured-img":"","footer-sml-layout":"","theme-transparent-header-meta":"enabled","adv-header-id-meta":"","stick-header-meta":"","header-above-stick-meta":"","header-main-stick-meta":"","header-below-stick-meta":"","astra-migrate-meta-layouts":"set","ast-page-background-enabled":"default","ast-page-background-meta":{"desktop":{"background-color":"var(--ast-global-color-4)","background-image":"","background-repeat":"repeat","background-position":"center center","background-size":"auto","background-attachment":"scroll","background-type":"","background-media":"","overlay-type":"","overlay-color":"","overlay-opacity":"","overlay-gradient":""},"tablet":{"background-color":"","background-image":"","background-repeat":"repeat","background-position":"center center","background-size":"auto","background-attachment":"scroll","background-type":"","background-media":"","overlay-type":"","overlay-color":"","overlay-opacity":"","overlay-gradient":""},"mobile":{"background-color":"","background-image":"","background-repeat":"repeat","background-position":"center center","background-size":"auto","background-attachment":"scroll","background-type":"","background-media":"","overlay-type":"","overlay-color":"","overlay-opacity":"","overlay-gradient":""}},"ast-content-background-meta":{"desktop":{"background-color":"var(--ast-global-color-5)","background-image":"","background-repeat":"repeat","background-position":"center center","background-size":"auto","background-attachment":"scroll","background-type":"","background-media":"","overlay-type":"","overlay-color":"","overlay-opacity":"","overlay-gradient":""},"tablet":{"background-color":"var(--ast-global-color-5)","background-image":"","background-repeat":"repeat","background-position":"center center","background-size":"auto","background-attachment":"scroll","background-type":"","background-media":"","overlay-type":"","overlay-color":"","overlay-opacity":"","overlay-gradient":""},"mobile":{"background-color":"var(--ast-global-color-5)","background-image":"","background-repeat":"repeat","background-position":"center center","background-size":"auto","background-attachment":"scroll","background-type":"","background-media":"","overlay-type":"","overlay-color":"","overlay-opacity":"","overlay-gradient":""}},"footnotes":""},"class_list":["post-213","page","type-page","status-publish","hentry"],"_links":{"self":[{"href":"https:\/\/ela-meyer.de\/index.php?rest_route=\/wp\/v2\/pages\/213","targetHints":{"allow":["GET"]}}],"collection":[{"href":"https:\/\/ela-meyer.de\/index.php?rest_route=\/wp\/v2\/pages"}],"about":[{"href":"https:\/\/ela-meyer.de\/index.php?rest_route=\/wp\/v2\/types\/page"}],"author":[{"embeddable":true,"href":"https:\/\/ela-meyer.de\/index.php?rest_route=\/wp\/v2\/users\/1"}],"replies":[{"embeddable":true,"href":"https:\/\/ela-meyer.de\/index.php?rest_route=%2Fwp%2Fv2%2Fcomments&post=213"}],"version-history":[{"count":25,"href":"https:\/\/ela-meyer.de\/index.php?rest_route=\/wp\/v2\/pages\/213\/revisions"}],"predecessor-version":[{"id":719,"href":"https:\/\/ela-meyer.de\/index.php?rest_route=\/wp\/v2\/pages\/213\/revisions\/719"}],"wp:attachment":[{"href":"https:\/\/ela-meyer.de\/index.php?rest_route=%2Fwp%2Fv2%2Fmedia&parent=213"}],"curies":[{"name":"wp","href":"https:\/\/api.w.org\/{rel}","templated":true}]}}