{"id":16,"date":"2022-03-11T14:12:35","date_gmt":"2022-03-11T13:12:35","guid":{"rendered":"http:\/\/localhost\/~yomena\/ela_22\/new_22\/?page_id=16"},"modified":"2024-10-01T14:21:42","modified_gmt":"2024-10-01T12:21:42","slug":"ela-meyer","status":"publish","type":"page","link":"https:\/\/ela-meyer.de\/?page_id=16","title":{"rendered":"Ver\u00f6ffentlichungen und Auszeichnungen"},"content":{"rendered":"\n<h2 class=\"wp-block-heading\" style=\"font-size:24px\">Ver\u00f6ffentlichungen<\/h2>\n\n\n\n<ul class=\"wp-block-list\">\n<li>Furchen und Dellen (Roman) &#8211; <a href=\"https:\/\/www.jumboverlag.de\/furchen-und-dellen\/index.php?cNG=540d887c-f20c-11ea-948b-001c42406321&amp;productId=3614&amp;context=search\">Goya Verlag<\/a> Hamburg 2024 <br><strong>ISBN: <\/strong>978-3-8337-4813-4<\/li>\n\n\n\n<li>Es war schon immer ziemlich kalt (Roman) &#8211; <a href=\"https:\/\/www.jumboverlag.de\/es-war-schon-immer-ziemlich-kalt\/index.php?cNG=540d887c-f20c-11ea-948b-001c42406321&amp;productId=3381&amp;f=true&amp;backToShop=true\" target=\"_blank\" rel=\"noreferrer noopener\">Goya<\/a><a href=\"https:\/\/www.jumboverlag.de\/es-war-schon-immer-ziemlich-kalt\/index.php?cNG=540d887c-f20c-11ea-948b-001c42406321&amp;productId=3381&amp;f=true&amp;backToShop=true\"> Verlag<\/a> Hamburg 2022, <strong>ISBN: <\/strong>978-3-8337-4456-3<\/li>\n\n\n\n<li>Vom Verschwinden (Kurzgeschichte) in: Lit.Fest Texte 2020, Stuttgart 2020<\/li>\n\n\n\n<li>2018 <em>Wunde Punkte<\/em> (Kurzgeschichte) in: Texte des Monats 2018, Literaturhaus Z\u00fcrich 2019, ISSN 2297-4903<\/li>\n\n\n\n<li>Hinter zwei zerkratzten Scheiben (Kurzgeschichte), in: erostepost Nr.54, Salzburg 2018<\/li>\n\n\n\n<li>Oso (Kurzgeschichte), in: etcetera . Literatur und so weiter, Litges St. P\u00f6lten 2018, ISSN 1682-9115<\/li>\n\n\n\n<li>Warten auf Frau Holle (Erz\u00e4hlung), in: Richtungsding. Zeitschrift f\u00fcr Gegenwartsliteratur Nr. 7, Jan-Paul Laarmann (Hrsg.) D\u00fcsseldorf 2014, ISSN 2192-4082<\/li>\n<\/ul>\n\n\n\n<h2 class=\"wp-block-heading\" style=\"font-size:24px\">Auszeichnungen<\/h2>\n\n\n\n<ul class=\"wp-block-list\">\n<li>2020 Shortlist des Blogbusterpreises mit dem Romanmanuskript von &#8222;Es war schon immer ziemlich kalt&#8220;<\/li>\n<\/ul>\n","protected":false},"excerpt":{"rendered":"<p>Ver\u00f6ffentlichungen Auszeichnungen<\/p>\n","protected":false},"author":1,"featured_media":0,"parent":0,"menu_order":0,"comment_status":"closed","ping_status":"closed","template":"","meta":{"site-sidebar-layout":"default","site-content-layout":"","ast-site-content-layout":"default","site-content-style":"default","site-sidebar-style":"default","ast-global-header-display":"","ast-banner-title-visibility":"","ast-main-header-display":"","ast-hfb-above-header-display":"","ast-hfb-below-header-display":"","ast-hfb-mobile-header-display":"","site-post-title":"disabled","ast-breadcrumbs-content":"","ast-featured-img":"","footer-sml-layout":"","theme-transparent-header-meta":"","adv-header-id-meta":"","stick-header-meta":"","header-above-stick-meta":"","header-main-stick-meta":"","header-below-stick-meta":"","astra-migrate-meta-layouts":"set","ast-page-background-enabled":"default","ast-page-background-meta":{"desktop":{"background-color":"var(--ast-global-color-4)","background-image":"","background-repeat":"repeat","background-position":"center center","background-size":"auto","background-attachment":"scroll","background-type":"","background-media":"","overlay-type":"","overlay-color":"","overlay-opacity":"","overlay-gradient":""},"tablet":{"background-color":"","background-image":"","background-repeat":"repeat","background-position":"center center","background-size":"auto","background-attachment":"scroll","background-type":"","background-media":"","overlay-type":"","overlay-color":"","overlay-opacity":"","overlay-gradient":""},"mobile":{"background-color":"","background-image":"","background-repeat":"repeat","background-position":"center center","background-size":"auto","background-attachment":"scroll","background-type":"","background-media":"","overlay-type":"","overlay-color":"","overlay-opacity":"","overlay-gradient":""}},"ast-content-background-meta":{"desktop":{"background-color":"var(--ast-global-color-5)","background-image":"","background-repeat":"repeat","background-position":"center center","background-size":"auto","background-attachment":"scroll","background-type":"","background-media":"","overlay-type":"","overlay-color":"","overlay-opacity":"","overlay-gradient":""},"tablet":{"background-color":"var(--ast-global-color-5)","background-image":"","background-repeat":"repeat","background-position":"center center","background-size":"auto","background-attachment":"scroll","background-type":"","background-media":"","overlay-type":"","overlay-color":"","overlay-opacity":"","overlay-gradient":""},"mobile":{"background-color":"var(--ast-global-color-5)","background-image":"","background-repeat":"repeat","background-position":"center center","background-size":"auto","background-attachment":"scroll","background-type":"","background-media":"","overlay-type":"","overlay-color":"","overlay-opacity":"","overlay-gradient":""}},"footnotes":""},"class_list":["post-16","page","type-page","status-publish","hentry"],"_links":{"self":[{"href":"https:\/\/ela-meyer.de\/index.php?rest_route=\/wp\/v2\/pages\/16","targetHints":{"allow":["GET"]}}],"collection":[{"href":"https:\/\/ela-meyer.de\/index.php?rest_route=\/wp\/v2\/pages"}],"about":[{"href":"https:\/\/ela-meyer.de\/index.php?rest_route=\/wp\/v2\/types\/page"}],"author":[{"embeddable":true,"href":"https:\/\/ela-meyer.de\/index.php?rest_route=\/wp\/v2\/users\/1"}],"replies":[{"embeddable":true,"href":"https:\/\/ela-meyer.de\/index.php?rest_route=%2Fwp%2Fv2%2Fcomments&post=16"}],"version-history":[{"count":8,"href":"https:\/\/ela-meyer.de\/index.php?rest_route=\/wp\/v2\/pages\/16\/revisions"}],"predecessor-version":[{"id":765,"href":"https:\/\/ela-meyer.de\/index.php?rest_route=\/wp\/v2\/pages\/16\/revisions\/765"}],"wp:attachment":[{"href":"https:\/\/ela-meyer.de\/index.php?rest_route=%2Fwp%2Fv2%2Fmedia&parent=16"}],"curies":[{"name":"wp","href":"https:\/\/api.w.org\/{rel}","templated":true}]}}