{"id":12,"date":"2022-03-11T14:11:55","date_gmt":"2022-03-11T13:11:55","guid":{"rendered":"http:\/\/localhost\/~yomena\/ela_22\/new_22\/?page_id=12"},"modified":"2025-03-31T16:21:16","modified_gmt":"2025-03-31T14:21:16","slug":"lesungen","status":"publish","type":"page","link":"https:\/\/ela-meyer.de\/?page_id=12","title":{"rendered":"Lesungen"},"content":{"rendered":"\n<p>ich freue mich \u00fcber Lesungsanfragen. Die n\u00e4chste Lesereise mit <a href=\"https:\/\/ela-meyer.de\/\" data-type=\"page\" data-id=\"213\">Furchen und Dellen<\/a> ist f\u00fcr M\u00e4rz \/ April 2025 geplant.<\/p>\n\n\n\n<h2 class=\"wp-block-heading\">2025<\/h2>\n\n\n\n<p>M\u00e4rz<\/p>\n\n\n\n<ul class=\"wp-block-list\">\n<li>27\/03\/2025 um 20h in Leipzig, Leseb\u00fchne Pinzette im Beyerhaus<\/li>\n\n\n\n<li>28\/03\/2025 Buchmesse Leipzig: <br>12.30h <a href=\"https:\/\/www.leipziger-buchmesse.de\/de\/erleben\/themenwelten\/buchbar\/\">#buchbar<\/a><br>17.30h Leseb\u00fchne Forum Literatur Halle 2 <\/li>\n\n\n\n<li>02\/04\/2025 um 19.30h in Hamburg Buchhandlung zwieinsdrei <a href=\"https:\/\/www.genialokal.de\/buchhandlung\/hamburg\/buchzweieinsdrei\/Kontakt\">https:\/\/www.genialokal.de\/buchhandlung\/hamburg\/buchzweieinsdrei\/Kontakt<\/a><\/li>\n\n\n\n<li>04\/04\/2025 um 19.30h in Flensburg Carl-von-Ossietzky Buchhandlung <a href=\"https:\/\/cvo.buchhandlung.de\/shop\/magazine\/157083\/veranstaltungen.html\">https:\/\/cvo.buchhandlung.de\/shop\/magazine\/157083\/veranstaltungen.html<\/a><\/li>\n\n\n\n<li>07\/04\/2025 um 19.30h in Stadthagen<br><a href=\"https:\/\/buch-zum-wein.de\/\">Buchhandlung Buch zum Wein <\/a><\/li>\n\n\n\n<li>23\/04\/2025 um 19h in Osnabr\u00fcck Buchhandlung zur Heide <a href=\"https:\/\/buch-zur-heide.de\/veranstaltungen\/ela-meyer-furchen-und-dellen\">https:\/\/buch-zur-heide.de\/veranstaltungen\/ela-meyer-furchen-und-dellen<\/a><\/li>\n<\/ul>\n\n\n\n<p><\/p>\n\n\n\n<h2 class=\"wp-block-heading has-large-font-size\">2024<\/h2>\n\n\n\n<p>Oktober<\/p>\n\n\n\n<p><\/p>\n\n\n\n<ul class=\"wp-block-list\">\n<li>24\/10\/2024 um 19Uhr, Barcelona <a href=\"https:\/\/www.goethe.de\/ins\/es\/de\/ver.cfm?event_id=26037515\" data-type=\"link\" data-id=\"https:\/\/www.goethe.de\/ins\/es\/de\/ver.cfm?event_id=26037515\">Goethe Institut<\/a><\/li>\n\n\n\n<li>08\/10\/2024 um 19.30Uhr in Hamburg, <a href=\"https:\/\/www.facebook.com\/FUTURDR3I\/\" data-type=\"link\" data-id=\"https:\/\/www.facebook.com\/FUTURDR3I\/\">Futur III<\/a><\/li>\n\n\n\n<li>07\/10\/2024 um 19Uhr in Berlin, <a href=\"https:\/\/www.cafe-morgenrot.de\/\">Caf\u00e9 Morgenrot<\/a><\/li>\n<\/ul>\n\n\n\n<p>September<\/p>\n\n\n\n<ul class=\"wp-block-list\">\n<li>25\/09\/2024 um 18.30Uhr in Oldenburg, <a href=\"https:\/\/alhambra.de\/\">Alhambra<\/a><\/li>\n\n\n\n<li>24\/09\/2024 um 20 Uhr in Bremen, <a href=\"https:\/\/www.facebook.com\/eisen.bremen\/\">Eisen<\/a> mit der <a href=\"https:\/\/albatros-buch.de\/veranstaltungen\" data-type=\"link\" data-id=\"https:\/\/albatros-buch.de\/veranstaltungen\">Albatrosbuchhandlung<\/a><\/li>\n\n\n\n<li>21\/09\/2024 um 19.30Uhr in Aschaffenburg, <a href=\"https:\/\/stern-ab.de\/\">Stern<\/a><\/li>\n\n\n\n<li>06\/09\/2024 um 14.30Uhr in L\u00e4rz, <a href=\"https:\/\/www.attension-festival.de\/en\/festival\" data-type=\"link\" data-id=\"https:\/\/www.attension-festival.de\/en\/festival\">at.tension#10<\/a><\/li>\n\n\n\n<li>04\/09\/2024 um 19 Uhr in Hamburg, <a href=\"https:\/\/www.jumboverlag.de\/programm\/home\/ela-meyers-roman-furchen-und-dellen-feiert-buchpremiere-am-4-september-2024-im-hamburger-haus-73\/index.php?cNG=a87e7334-4036-11ef-9285-001c42406321\">Buchpremiere<\/a> <a href=\"https:\/\/ela-meyer.de\/\" data-type=\"page\" data-id=\"213\">Furchen und Dellen<\/a>, <a href=\"https:\/\/www.dreiundsiebzig.de\/programm\/event#copilot:event=a99d47d9-0f46-4af1-b0a3-cddf5fad256b\">Haus 73<\/a><\/li>\n<\/ul>\n\n\n\n<h2 class=\"wp-block-heading has-large-font-size\">2023<\/h2>\n\n\n\n<p>                                                                             Mai<\/p>\n\n\n\n<ul class=\"wp-block-list\">\n<li>23\/5\/2023 <a href=\"https:\/\/www.hofbuchhandlung-wellmann.de\/bei-uns\/\">Hofbuchhandlung Kathrin Wellmann<\/a>, Wardenburg, mit musikalischer Begleitung<\/li>\n\n\n\n<li>13\/5\/2023 Lesung f\u00fcr die <a href=\"https:\/\/seapunks.de\/news\/\">Sea Punks<\/a> in der <a href=\"https:\/\/fabrique.gaengeviertel.de\/index.php\/fabrique\/\">Fabrique im G\u00e4ngeviertel<\/a>, Hamburg<\/li>\n\n\n\n<li>11\/5\/2023 <a href=\"https:\/\/futur3.net\/\">Futur III<\/a>, Hamburg<\/li>\n\n\n\n<li>9\/5\/2023 im <a href=\"https:\/\/eisen-bremen.de\/\">Eisen<\/a>, Veranstaltet von der <a href=\"https:\/\/albatros-buch.de\/#\">Albatros Buchhandlung<\/a>, Bremen<\/li>\n<\/ul>\n\n\n\n<p>                                                                              April<\/p>\n\n\n\n<ul class=\"wp-block-list\">\n<li>29\/4\/2023 <a href=\"https:\/\/autorinnenrunde.de\/programm-2023\/gina-schad-und-ela-meyer-der-weg-zum-literarischen-debuet-ein-erfahrungsaustausch\/\">Leipziger Autor*innenrunde,<\/a> Der Weg zum literarischen Deb\u00fct, gemeinsam mit Gina Schad<\/li>\n\n\n\n<li>28\/4\/2023 <a href=\"https:\/\/www.leipziger-buchmesse.de\/pco\/de\/buchmesse\/63f63d540ccd6f984c05fd03\">Leipzig liest<\/a> bei <a href=\"https:\/\/www.paperandtea.de\/pages\/stores\">Paper and Tea<\/a><\/li>\n\n\n\n<li>26\/4\/2023 <a href=\"https:\/\/www.alhambra.de\/\">Alhambra<\/a>, Oldenburg . Szenische Lesung<\/li>\n\n\n\n<li>23\/4\/2023 <a href=\"https:\/\/straze.de\/\">Straze<\/a>, Greifswald<\/li>\n\n\n\n<li>20\/4\/2023 <a href=\"https:\/\/sequential-art.de\/\">Kiezbuchhandlung Sequential Art<\/a>, Rostock<\/li>\n\n\n\n<li>19\/4\/2023<a href=\"https:\/\/leselounge.jimdofree.com\/\"> Junges Literaturhaus Schleswig-Holstein, LeseLounge<\/a>, Kiel<\/li>\n<\/ul>\n\n\n<h2 class=\"wp-block-heading has-text-align-left has-large-font-size\">2022<\/h2>\n<p><!-- \/wp:post-content --><\/p>\n<p><!-- wp:paragraph --><\/p>\n<p>September <\/p>\n<p><!-- \/wp:paragraph --><\/p>\n<p><!-- wp:list --><\/p>\n<ul class=\"wp-block-list\"><!-- wp:list-item --><\/p>\n<li>11\/9\/2022 16h <a href=\"https:\/\/www.attension-festival.de\/de\/programm\">At:tension Festival<\/a>, Kulturkosmos M\u00fcritz e.V.<\/li>\n<p><!-- \/wp:list-item --><\/ul>\n<p><!-- \/wp:list --><\/p>\n<p><!-- wp:paragraph --><\/p>\n<p><strong>August<\/strong><\/p>\n<p><!-- \/wp:paragraph --><\/p>\n<p><!-- wp:list --><\/p>\n<ul class=\"wp-block-list\"><!-- wp:list-item --><\/p>\n<li>27\/8\/2022 20h<a href=\" Li:tzfestival\"> <\/a><a href=\"https:\/\/litzfestival.jetzt\/\">Li:tzfestival<\/a>, <a href=\"https:\/\/www.pappusdorf.de\/\">Pusdorfstudios<\/a>, Bremen<\/li>\n<p><!-- \/wp:list-item --><\/p>\n<p><!-- wp:list-item --><\/p>\n<li>18\/8\/2022 19.30h <a href=\"https:\/\/buchladen-sputnik.de\/\">Buchladen Sputnik<\/a>, Potsdam<\/li>\n<p><!-- \/wp:list-item --><\/ul>\n<p><!-- \/wp:list --><\/p>\n<p><!-- wp:paragraph --><\/p>\n<p><!-- \/wp:paragraph --><\/p>\n<p><!-- wp:paragraph --><\/p>\n<p>Juli<\/p>\n<p><!-- \/wp:paragraph --><\/p>\n<p><!-- wp:list --><\/p>\n<ul class=\"wp-block-list\"><!-- wp:list-item --><\/p>\n<li>30\/07\/2022 &#8211; 19.30h <a href=\"http:\/\/stern-ab.de\/Aktuelles\/CategoryID\/5\">Stern e.V.<\/a> \/ Aschaffenburg<\/li>\n<p><!-- \/wp:list-item --><\/p>\n<p><!-- wp:list-item --><\/p>\n<li>29\/07\/2022 19h &#8211; <a href=\"https:\/\/www.centro-ffm.org\/\">Centro<\/a>, Frankfurt am Main \/ R\u00f6delheim<\/li>\n<p><!-- \/wp:list-item --><\/p>\n<p><!-- wp:list-item --><\/p>\n<li>28\/07\/2022 19h &#8211; <a href=\"https:\/\/kneipenkollektiv.de\/wp\/\">Kneipenkollektiv<\/a> \/ Schw\u00e4bisch-Hall<\/li>\n<p><!-- \/wp:list-item --><\/p>\n<p><!-- wp:list-item --><\/p>\n<li>26\/07\/2022 19h &#8211; <a href=\"https:\/\/www.facebook.com\/people\/Kapitel-II\/100063591694130\/\">Kapitel2<\/a> \/ W\u00fcrzburg<\/li>\n<p><!-- \/wp:list-item --><\/p>\n<p><!-- wp:list-item --><\/p>\n<li>22\/07\/2022 &#8211; 18.30h <a href=\"https:\/\/www.klub-solitaer.de\/lokomov\">Lokomov<\/a> \/ Chemnitz<\/li>\n<p><!-- \/wp:list-item --><\/p>\n<p><!-- wp:list-item --><\/p>\n<li>21\/07\/2022 19.30h &#8211; <a href=\"https:\/\/www.cvo-buchladen.de\/lesungen-flensburg-2022\/ela-meyer-es-war-schon-immer-ziemlich-kalt.html\">Carl-von-Ossietzky-Buchhandlung<\/a>\/ Flensburg (Musikpalast)<\/li>\n<p><!-- \/wp:list-item --><\/p>\n<p><!-- wp:list-item --><\/p>\n<li>20\/7\/2022 18h <a href=\"https:\/\/www.facebook.com\/strandraeuber.langholz\/\">Strandr\u00e4uber Spelunke,<\/a><a rel=\"noreferrer noopener\" href=\"https:\/\/www.facebook.com\/strandraeuber.langholz\/\" target=\"_blank\"> <\/a>Camp Langholz, Waabs<\/li>\n<p><!-- \/wp:list-item --><\/p>\n<p><!-- wp:list-item --><\/p>\n<li>17\/07\/2022 11h &#8211; <a href=\"https:\/\/buch-zur-heide.de\/#\">Buchhandlung Zur Heide<\/a> \/ Osnabr\u00fcck, Literaturbrunch<\/li>\n<p><!-- \/wp:list-item --><\/p>\n<p><!-- wp:list-item --><\/p>\n<li>15\/07\/2022 19.30h &#8211; <a href=\"https:\/\/www.bueltmann-gerriets.de\/\">B\u00fcltmann und Gerriets<\/a> \/ Oldenburg<\/li>\n<p><!-- \/wp:list-item --><\/p>\n<p><!-- wp:list-item --><\/p>\n<li>12\/07\/2022  &#8211;<a href=\"https:\/\/www.koeln-hostel.de\/\"> Weltempf\u00e4nger Hostel<\/a> \/ K\u00f6ln<\/li>\n<p><!-- \/wp:list-item --><\/p>\n<p><!-- wp:list-item --><\/p>\n<li>09\/07\/2022 19.00h &#8211; <a href=\"https:\/\/www.offene-werkstaetten.org\/werkstatt\/colorlabor\">ColorLabor<\/a> \/ Kassel<\/li>\n<p><!-- \/wp:list-item --><\/p>\n<p><!-- wp:list-item --><\/p>\n<li>08\/07\/2022 11.00h &#8211; <a href=\"https:\/\/drucklufthaus.de\/veranstaltungen\/\">Drucklufthaus<\/a> ,\/ Oberhausen<\/li>\n<p><!-- \/wp:list-item --><\/ul>\n<p><!-- \/wp:list --><\/p>\n<p><!-- wp:paragraph --><\/p>\n<p>Mai<\/p>\n<p><!-- \/wp:paragraph --><\/p>\n<p><!-- wp:list --><\/p>\n<ul class=\"wp-block-list\"><!-- wp:list-item --><\/p>\n<li>05\/05\/2022 19.00h &#8211; <a rel=\"noreferrer noopener\" href=\"https:\/\/www.goethe.de\/ins\/es\/de\/sta\/bcn\/ver.cfm?event_id=22772803\" target=\"_blank\">Goethe Institut<\/a> \/ Barcelona<\/li>\n<p><!-- \/wp:list-item --><\/ul>\n<p><!-- \/wp:list --><\/p>\n<p><!-- wp:paragraph --><\/p>\n<p>April<\/p>\n<p><!-- \/wp:paragraph --><\/p>\n<p><!-- wp:list --><\/p>\n<ul class=\"wp-block-list\"><!-- wp:list-item --><\/p>\n<li>14\/04\/2022 19.00h &#8211; <a rel=\"noreferrer noopener\" href=\"https:\/\/www.facebook.com\/Laage.Grand.Central\/\" target=\"_blank\">Kulturbahnhof<\/a> \/ Laage<\/li>\n<p><!-- \/wp:list-item --><\/p>\n<p><!-- wp:list-item --><\/p>\n<li>13\/04\/2022 20.00h &#8211; <a rel=\"noreferrer noopener\" href=\"https:\/\/tockify.com\/hansa48\/detail\/172\/1649872800000\" target=\"_blank\">Hansa48<\/a> \/ Kiel<\/li>\n<p><!-- \/wp:list-item --><\/p>\n<p><!-- wp:list-item --><\/p>\n<li>07\/04\/2022 19.30h &#8211; <a rel=\"noreferrer noopener\" href=\"https:\/\/barboncino.de\/programm\" target=\"_blank\">Barboncino<\/a> \/ Hamburg &#8211; mit DJ Sega Lee<\/li>\n<p><!-- \/wp:list-item --><\/p>\n<p><!-- wp:list-item --><\/p>\n<li>04\/04\/2022 19.30h &#8211; <a rel=\"noreferrer noopener\" href=\"https:\/\/www.wagnerverein-jena.de\/de\/programm\/ela-meyer-es-war-schon-immer-ziemlich-kalt\/\" target=\"_blank\">Caf\u00e9 Wagner<\/a> \/ Jena<\/li>\n<p><!-- \/wp:list-item --><\/ul>\n<p><!-- \/wp:list --><\/p>\n<p><!-- wp:paragraph --><\/p>\n<p>M\u00e4rz<\/p>\n<p><!-- \/wp:paragraph --><\/p>\n<p><!-- wp:list --><\/p>\n<ul class=\"wp-block-list\"><!-- wp:list-item --><\/p>\n<li>30\/03\/2022 19.00h &#8211; <a rel=\"noreferrer noopener\" href=\"http:\/\/Bei Beppohttps:\/\/www.beibeppo.net\/\" target=\"_blank\">Bei Beppo<\/a> \/ Oldenburg<\/li>\n<p><!-- \/wp:list-item --><\/p>\n<p><!-- wp:list-item --><\/p>\n<li>21\/03\/2022 19.00h &#8211; <a rel=\"noreferrer noopener\" href=\"http:\/\/morgenrot.blogsport.eu\/2022\/03\/10\/21-03-22-buchvorstellung-ela-meyer-es-war-schon-immer-ziemlich-kalt-19-uhr\/\" target=\"_blank\">Cafe Morgenrot<\/a> \/ Berlin<\/li>\n<p><!-- \/wp:list-item --><\/p>\n<p><!-- wp:list-item --><\/p>\n<li>17\/03\/2022 18.30h &#8211; <a rel=\"noreferrer noopener\" href=\"https:\/\/www.frauenkultur-leipzig.de\" target=\"_blank\">FraKu<\/a> &#8211; Leipzig<\/li>\n<p><!-- \/wp:list-item --><\/ul>\n<p><!-- \/wp:list --><\/div>","protected":false},"excerpt":{"rendered":"<p>ich freue mich \u00fcber Lesungsanfragen. Die n\u00e4chste Lesereise mit Furchen und Dellen ist f\u00fcr M\u00e4rz \/ April 2025 geplant. 2025 [&hellip;]<\/p>\n","protected":false},"author":1,"featured_media":0,"parent":0,"menu_order":0,"comment_status":"closed","ping_status":"closed","template":"","meta":{"site-sidebar-layout":"default","site-content-layout":"","ast-site-content-layout":"default","site-content-style":"default","site-sidebar-style":"default","ast-global-header-display":"","ast-banner-title-visibility":"","ast-main-header-display":"","ast-hfb-above-header-display":"","ast-hfb-below-header-display":"","ast-hfb-mobile-header-display":"","site-post-title":"","ast-breadcrumbs-content":"","ast-featured-img":"","footer-sml-layout":"","theme-transparent-header-meta":"","adv-header-id-meta":"","stick-header-meta":"","header-above-stick-meta":"","header-main-stick-meta":"","header-below-stick-meta":"","astra-migrate-meta-layouts":"set","ast-page-background-enabled":"default","ast-page-background-meta":{"desktop":{"background-color":"var(--ast-global-color-4)","background-image":"","background-repeat":"repeat","background-position":"center center","background-size":"auto","background-attachment":"scroll","background-type":"","background-media":"","overlay-type":"","overlay-color":"","overlay-opacity":"","overlay-gradient":""},"tablet":{"background-color":"","background-image":"","background-repeat":"repeat","background-position":"center center","background-size":"auto","background-attachment":"scroll","background-type":"","background-media":"","overlay-type":"","overlay-color":"","overlay-opacity":"","overlay-gradient":""},"mobile":{"background-color":"","background-image":"","background-repeat":"repeat","background-position":"center center","background-size":"auto","background-attachment":"scroll","background-type":"","background-media":"","overlay-type":"","overlay-color":"","overlay-opacity":"","overlay-gradient":""}},"ast-content-background-meta":{"desktop":{"background-color":"var(--ast-global-color-5)","background-image":"","background-repeat":"repeat","background-position":"center center","background-size":"auto","background-attachment":"scroll","background-type":"","background-media":"","overlay-type":"","overlay-color":"","overlay-opacity":"","overlay-gradient":""},"tablet":{"background-color":"var(--ast-global-color-5)","background-image":"","background-repeat":"repeat","background-position":"center center","background-size":"auto","background-attachment":"scroll","background-type":"","background-media":"","overlay-type":"","overlay-color":"","overlay-opacity":"","overlay-gradient":""},"mobile":{"background-color":"var(--ast-global-color-5)","background-image":"","background-repeat":"repeat","background-position":"center center","background-size":"auto","background-attachment":"scroll","background-type":"","background-media":"","overlay-type":"","overlay-color":"","overlay-opacity":"","overlay-gradient":""}},"footnotes":""},"class_list":["post-12","page","type-page","status-publish","hentry"],"_links":{"self":[{"href":"https:\/\/ela-meyer.de\/index.php?rest_route=\/wp\/v2\/pages\/12","targetHints":{"allow":["GET"]}}],"collection":[{"href":"https:\/\/ela-meyer.de\/index.php?rest_route=\/wp\/v2\/pages"}],"about":[{"href":"https:\/\/ela-meyer.de\/index.php?rest_route=\/wp\/v2\/types\/page"}],"author":[{"embeddable":true,"href":"https:\/\/ela-meyer.de\/index.php?rest_route=\/wp\/v2\/users\/1"}],"replies":[{"embeddable":true,"href":"https:\/\/ela-meyer.de\/index.php?rest_route=%2Fwp%2Fv2%2Fcomments&post=12"}],"version-history":[{"count":22,"href":"https:\/\/ela-meyer.de\/index.php?rest_route=\/wp\/v2\/pages\/12\/revisions"}],"predecessor-version":[{"id":779,"href":"https:\/\/ela-meyer.de\/index.php?rest_route=\/wp\/v2\/pages\/12\/revisions\/779"}],"wp:attachment":[{"href":"https:\/\/ela-meyer.de\/index.php?rest_route=%2Fwp%2Fv2%2Fmedia&parent=12"}],"curies":[{"name":"wp","href":"https:\/\/api.w.org\/{rel}","templated":true}]}}